{"id":450,"date":"2018-12-03T14:14:47","date_gmt":"2018-12-03T13:14:47","guid":{"rendered":"http:\/\/www.ferlatacciai.com\/?post_type=product&#038;p=450"},"modified":"2019-10-08T14:06:30","modified_gmt":"2019-10-08T12:06:30","slug":"2311","status":"publish","type":"product","link":"https:\/\/www.ferlatacciai.com\/it\/prodotto\/2311\/","title":{"rendered":"2311"},"content":{"rendered":"<div class=\"tab-bianca\"><h2 id=\"tablepress-73-name\" class=\"tablepress-table-name tablepress-table-name-id-73\">COMPOSIZIONE CHIMICA<\/h2>\n\n<table id=\"tablepress-73\" class=\"tablepress tablepress-id-73 scheda tablepress-responsive tablepress-responsive-phone\" aria-labelledby=\"tablepress-73-name\">\n<thead>\n<tr class=\"row-1\">\n\t<th class=\"column-1\">C<\/th><th class=\"column-2\">Si\t<\/th><th class=\"column-3\">Mn\t<\/th><th class=\"column-4\">P<\/th><th class=\"column-5\">S<\/th><th class=\"column-6\">Cr\t<\/th><th class=\"column-7\">Mo\t<\/th><th class=\"column-8\">Ni<\/th><th class=\"column-9\">V<\/th><th class=\"column-10\">Pb<\/th>\n<\/tr>\n<\/thead>\n<tbody class=\"row-striping row-hover\">\n<tr class=\"row-2\">\n\t<td class=\"column-1\">0,35 - 0,45<\/td><td class=\"column-2\">0,2 - 0,4<\/td><td class=\"column-3\">1,3 - 1,6<\/td><td class=\"column-4\">\u2264 0.035<\/td><td class=\"column-5\">\u2264 0.035<\/td><td class=\"column-6\">1,8 - 2,1<\/td><td class=\"column-7\">0,15 - 0,25<\/td><td class=\"column-8\">\/<\/td><td class=\"column-9\">\/<\/td><td class=\"column-10\">\/<\/td>\n<\/tr>\n<\/tbody>\n<\/table>\n<!-- #tablepress-73 from cache --><\/p>\n<h2 id=\"tablepress-74-name\" class=\"tablepress-table-name tablepress-table-name-id-74\">CARATTERISTICHE MECCANICHE<\/h2>\n\n<table id=\"tablepress-74\" class=\"tablepress tablepress-id-74 scheda2 tablepress-responsive tablepress-responsive-phone\" aria-labelledby=\"tablepress-74-name\">\n<thead>\n<tr class=\"row-1\">\n\t<th class=\"column-1\">HB<br \/>\nDI FORNITURA<\/th>\n<\/tr>\n<\/thead>\n<tbody class=\"row-striping row-hover\">\n<tr class=\"row-2\">\n\t<td class=\"column-1\">280 - 320<\/td>\n<\/tr>\n<\/tbody>\n<\/table>\n<!-- #tablepress-74 from cache --><\/div>\n","protected":false},"excerpt":{"rendered":"<p>Acciaio per stampi di materie plastiche che offre una buona lavorabilit\u00e0 e ottima lucidabilit\u00e0. Questo acciaio prebonificato \u00e8 inoltre adatto per portastampi da pressofusione e materie plastiche. Acciaio che pu\u00f2 essere nitrurato.<br \/>\n<br \/>\n<strong>Stato di fornitura: <\/strong>bonificato<br \/>\n<br \/>\n<strong>Gamma: <\/strong>tondi, lamiere<\/p>\n","protected":false},"featured_media":0,"template":"","meta":{"_acf_changed":false},"product_cat":[402,404],"product_tag":[],"class_list":{"0":"post-450","1":"product","2":"type-product","3":"status-publish","5":"product_cat-acciai-da-utensili","6":"product_cat-acciai-da-utensili-per-materie-plastiche","8":"first","9":"instock","10":"shipping-taxable","11":"product-type-simple"},"acf":[],"_links":{"self":[{"href":"https:\/\/www.ferlatacciai.com\/it\/wp-json\/wp\/v2\/product\/450","targetHints":{"allow":["GET"]}}],"collection":[{"href":"https:\/\/www.ferlatacciai.com\/it\/wp-json\/wp\/v2\/product"}],"about":[{"href":"https:\/\/www.ferlatacciai.com\/it\/wp-json\/wp\/v2\/types\/product"}],"wp:attachment":[{"href":"https:\/\/www.ferlatacciai.com\/it\/wp-json\/wp\/v2\/media?parent=450"}],"wp:term":[{"taxonomy":"product_cat","embeddable":true,"href":"https:\/\/www.ferlatacciai.com\/it\/wp-json\/wp\/v2\/product_cat?post=450"},{"taxonomy":"product_tag","embeddable":true,"href":"https:\/\/www.ferlatacciai.com\/it\/wp-json\/wp\/v2\/product_tag?post=450"}],"curies":[{"name":"wp","href":"https:\/\/api.w.org\/{rel}","templated":true}]}}