{"id":365,"date":"2018-12-03T09:18:12","date_gmt":"2018-12-03T08:18:12","guid":{"rendered":"http:\/\/www.ferlatacciai.com\/?post_type=product&#038;p=365"},"modified":"2019-10-08T14:32:24","modified_gmt":"2019-10-08T12:32:24","slug":"t1-s690ql","status":"publish","type":"product","link":"https:\/\/www.ferlatacciai.com\/it\/prodotto\/t1-s690ql\/","title":{"rendered":"T1-S690QL"},"content":{"rendered":"<div class=\"tab-bianca\"><h2 id=\"tablepress-42-name\" class=\"tablepress-table-name tablepress-table-name-id-42\">COMPOSIZIONE CHIMICA<\/h2>\n\n<table id=\"tablepress-42\" class=\"tablepress tablepress-id-42 scheda tablepress-responsive tablepress-responsive-phone\" aria-labelledby=\"tablepress-42-name\">\n<thead>\n<tr class=\"row-1\">\n\t<th class=\"column-1\">C<\/th><th class=\"column-2\">Si\t<\/th><th class=\"column-3\">Mn\t<\/th><th class=\"column-4\">P\t<\/th><th class=\"column-5\">S\t<\/th><th class=\"column-6\">Cr\t<\/th><th class=\"column-7\">Mo\t<\/th><th class=\"column-8\">Ni\t<\/th><th class=\"column-9\">V<\/th><th class=\"column-10\">Cu<\/th><th class=\"column-11\">Bo<\/th><th class=\"column-12\">Zr<\/th>\n<\/tr>\n<\/thead>\n<tbody class=\"row-striping row-hover\">\n<tr class=\"row-2\">\n\t<td class=\"column-1\">\u2264 0.20<\/td><td class=\"column-2\">\u2264 0.80<\/td><td class=\"column-3\">\u2264 1.70<\/td><td class=\"column-4\">\u2264 0.020<\/td><td class=\"column-5\">\u2264 0.010<\/td><td class=\"column-6\">\u2264 1.50<\/td><td class=\"column-7\">\u2264 0.70<\/td><td class=\"column-8\">\u2264 2.00<\/td><td class=\"column-9\">\u2264 0.12<\/td><td class=\"column-10\">\u2264 0.50<\/td><td class=\"column-11\">\u2264 0,0050<\/td><td class=\"column-12\">\u2264 0.15<br \/>\n<\/td>\n<\/tr>\n<\/tbody>\n<\/table>\n<!-- #tablepress-42 from cache --><\/p>\n<h2 id=\"tablepress-127-name\" class=\"tablepress-table-name tablepress-table-name-id-127\">CARATTERISTICHE MECCANICHE<\/h2>\n\n<table id=\"tablepress-127\" class=\"tablepress tablepress-id-127 scheda2 tablepress-responsive tablepress-responsive-phone\" aria-labelledby=\"tablepress-127-name\">\n<thead>\n<tr class=\"row-1\">\n\t<th class=\"column-1\">Diam.<\/th><th class=\"column-2\">Spess.<\/th><th class=\"column-3\">Re\/Rp Min<br \/>\nN\/mm2<\/th><th class=\"column-4\">Rm<br \/>\nN\/mm2<\/th><th class=\"column-5\">A Min.<br \/>\n%<\/th><th class=\"column-6\">Z Min.<br \/>\n%<\/th><th class=\"column-7\">KV<br \/>\nJ min T 20\u00b0C<\/th><th class=\"column-8\">HB<br \/>\nDI FORNITURA<\/th>\n<\/tr>\n<\/thead>\n<tbody class=\"row-striping row-hover\">\n<tr class=\"row-2\">\n\t<td class=\"column-1\">\/<\/td><td class=\"column-2\">3 - 50<\/td><td class=\"column-3\">690<\/td><td class=\"column-4\">770 - 940<\/td><td class=\"column-5\">11<\/td><td class=\"column-6\">\/<\/td><td class=\"column-7\">30 \/<\/td><td class=\"column-8\">\/<\/td>\n<\/tr>\n<tr class=\"row-3\">\n\t<td class=\"column-1\">\/<\/td><td class=\"column-2\">50 - 100<\/td><td class=\"column-3\">650<\/td><td class=\"column-4\">760 - 930<\/td><td class=\"column-5\">\/<\/td><td class=\"column-6\">\/<\/td><td class=\"column-7\">\/ \/<\/td><td class=\"column-8\">\/<\/td>\n<\/tr>\n<\/tbody>\n<\/table>\n<!-- #tablepress-127 from cache --><\/div>\n","protected":false},"excerpt":{"rendered":"<p>Acciaio bonificato ad elevatissime caratteristiche resistenziali abbinate a buona tenacit\u00e0 e duttilit\u00e0. \u00c8 un acciaio saldabile per benne, bracci, telai, elevatori, gru, serbatoi, scivoli per materiali.<br \/>\n<br \/>\n<strong>Stato di fornitura:<\/strong> bonificato<br \/>\n<br \/>\n<strong>Gamma: <\/strong>lamiere<\/p>\n","protected":false},"featured_media":0,"template":"","meta":{"_acf_changed":false},"product_cat":[24,409],"product_tag":[],"class_list":{"0":"post-365","1":"product","2":"type-product","3":"status-publish","5":"product_cat-acciai-da-costruzione-legati-e-speciali","6":"product_cat-acciai-alto-resistenziali","8":"first","9":"instock","10":"shipping-taxable","11":"product-type-simple"},"acf":[],"_links":{"self":[{"href":"https:\/\/www.ferlatacciai.com\/it\/wp-json\/wp\/v2\/product\/365","targetHints":{"allow":["GET"]}}],"collection":[{"href":"https:\/\/www.ferlatacciai.com\/it\/wp-json\/wp\/v2\/product"}],"about":[{"href":"https:\/\/www.ferlatacciai.com\/it\/wp-json\/wp\/v2\/types\/product"}],"wp:attachment":[{"href":"https:\/\/www.ferlatacciai.com\/it\/wp-json\/wp\/v2\/media?parent=365"}],"wp:term":[{"taxonomy":"product_cat","embeddable":true,"href":"https:\/\/www.ferlatacciai.com\/it\/wp-json\/wp\/v2\/product_cat?post=365"},{"taxonomy":"product_tag","embeddable":true,"href":"https:\/\/www.ferlatacciai.com\/it\/wp-json\/wp\/v2\/product_tag?post=365"}],"curies":[{"name":"wp","href":"https:\/\/api.w.org\/{rel}","templated":true}]}}