{"id":351,"date":"2018-11-30T18:20:52","date_gmt":"2018-11-30T17:20:52","guid":{"rendered":"http:\/\/www.ferlatacciai.com\/?post_type=product&#038;p=351"},"modified":"2019-10-08T14:34:49","modified_gmt":"2019-10-08T12:34:49","slug":"30crnimo8","status":"publish","type":"product","link":"https:\/\/www.ferlatacciai.com\/it\/prodotto\/30crnimo8\/","title":{"rendered":"30CrNiMo8"},"content":{"rendered":"<div class=\"tab-bianca\"><h2 id=\"tablepress-37-name\" class=\"tablepress-table-name tablepress-table-name-id-37\">COMPOSIZIONE CHIMICA<\/h2>\n\n<table id=\"tablepress-37\" class=\"tablepress tablepress-id-37 scheda tablepress-responsive tablepress-responsive-phone\" aria-labelledby=\"tablepress-37-name\">\n<thead>\n<tr class=\"row-1\">\n\t<th class=\"column-1\">C<\/th><th class=\"column-2\">Si\t<\/th><th class=\"column-3\">Mn\t<\/th><th class=\"column-4\">P\t<\/th><th class=\"column-5\">S\t<\/th><th class=\"column-6\">Cr<\/th><th class=\"column-7\">Mo<\/th><th class=\"column-8\">Ni<\/th>\n<\/tr>\n<\/thead>\n<tbody class=\"row-striping row-hover\">\n<tr class=\"row-2\">\n\t<td class=\"column-1\">0,26 - 0,34<\/td><td class=\"column-2\">\u2264 0,400<\/td><td class=\"column-3\">0,50 - 0,80<\/td><td class=\"column-4\">\u2264 0,025<\/td><td class=\"column-5\">\u2264 0.035<\/td><td class=\"column-6\">1,80 - 2,20<\/td><td class=\"column-7\">0,30 - 0,50<\/td><td class=\"column-8\">1,80 - 2,20<\/td>\n<\/tr>\n<\/tbody>\n<\/table>\n<!-- #tablepress-37 from cache --><\/p>\n<h2 id=\"tablepress-38-name\" class=\"tablepress-table-name tablepress-table-name-id-38\">CARATTERISTICHE MECCANICHE<\/h2>\n\n<table id=\"tablepress-38\" class=\"tablepress tablepress-id-38 scheda2 tablepress-responsive tablepress-responsive-phone\" aria-labelledby=\"tablepress-38-name\">\n<thead>\n<tr class=\"row-1\">\n\t<th class=\"column-1\">Diam.<\/th><th class=\"column-2\">Spess.<\/th><th class=\"column-3\">Re\/Rp Min.<br \/>\nN\/mm2<\/th><th class=\"column-4\">Rm<br \/>\nN\/mm2<\/th><th class=\"column-5\">A Min.<br \/>\n%<\/th><th class=\"column-6\">Z Min.<br \/>\n%<\/th><th class=\"column-7\">KV<br \/>\nJ min T 20\u00b0<\/th><th class=\"column-8\">HB<br \/>\nDI FORNITURA<\/th>\n<\/tr>\n<\/thead>\n<tbody class=\"row-striping row-hover\">\n<tr class=\"row-2\">\n\t<td class=\"column-1\">\u2264 16<\/td><td class=\"column-2\">\/<\/td><td class=\"column-3\">1050<\/td><td class=\"column-4\">1250 - 1450<\/td><td class=\"column-5\">9<\/td><td class=\"column-6\">\/<\/td><td class=\"column-7\">\/ \/ <\/td><td class=\"column-8\">\/<\/td>\n<\/tr>\n<tr class=\"row-3\">\n\t<td class=\"column-1\">16< d \u2264 40<\/td><td class=\"column-2\">\/<\/td><td class=\"column-3\">1050<\/td><td class=\"column-4\">1250 - 1450<\/td><td class=\"column-5\">9<\/td><td class=\"column-6\">40<\/td><td class=\"column-7\">30 \/<\/td><td class=\"column-8\">\/<\/td>\n<\/tr>\n<tr class=\"row-4\">\n\t<td class=\"column-1\">40< d \u2264 100<\/td><td class=\"column-2\">\/<\/td><td class=\"column-3\">900<\/td><td class=\"column-4\">1000 - 1300<\/td><td class=\"column-5\">10<\/td><td class=\"column-6\">45<\/td><td class=\"column-7\">35 \/<\/td><td class=\"column-8\">\/<\/td>\n<\/tr>\n<tr class=\"row-5\">\n\t<td class=\"column-1\">100< d \u2264 160<\/td><td class=\"column-2\">\/<\/td><td class=\"column-3\">800<\/td><td class=\"column-4\">1000 - 1200<\/td><td class=\"column-5\">11<\/td><td class=\"column-6\">50<\/td><td class=\"column-7\">45 \/ <\/td><td class=\"column-8\">\/<\/td>\n<\/tr>\n<tr class=\"row-6\">\n\t<td class=\"column-1\">160< d \u2264 250<\/td><td class=\"column-2\">\/<\/td><td class=\"column-3\">700<\/td><td class=\"column-4\">900 - 1100<\/td><td class=\"column-5\">12<\/td><td class=\"column-6\">50<\/td><td class=\"column-7\">45 \/ <\/td><td class=\"column-8\">\/<\/td>\n<\/tr>\n<\/tbody>\n<\/table>\n<!-- #tablepress-38 from cache --><\/div>\n","protected":false},"excerpt":{"rendered":"<p>Buona tenacit\u00e0 e propriet\u00e0 meccaniche. Buona lavorabilit\u00e0. Elevata resistenza a fatica anche a temperature d\u2019esercizio fino a 350\u00b0C. Particolarmente adatto per pezzi sollecitati a torsione. Per stampi di media dimensione, per l\u2019industria automobilistica ed alimentare. Adatto per stampi della gomma e particolari meccanici in genere.<br \/>\n<br \/>\n<strong>Stato di fornitura:<\/strong> bonificato<br \/>\n<br \/>\n<strong>Gamma:<\/strong> tondi<\/p>\n","protected":false},"featured_media":0,"template":"","meta":{"_acf_changed":false},"product_cat":[24,413],"product_tag":[],"class_list":{"0":"post-351","1":"product","2":"type-product","3":"status-publish","5":"product_cat-acciai-da-costruzione-legati-e-speciali","6":"product_cat-acciai-legati-da-bonifica","8":"first","9":"instock","10":"shipping-taxable","11":"product-type-simple"},"acf":[],"_links":{"self":[{"href":"https:\/\/www.ferlatacciai.com\/it\/wp-json\/wp\/v2\/product\/351","targetHints":{"allow":["GET"]}}],"collection":[{"href":"https:\/\/www.ferlatacciai.com\/it\/wp-json\/wp\/v2\/product"}],"about":[{"href":"https:\/\/www.ferlatacciai.com\/it\/wp-json\/wp\/v2\/types\/product"}],"wp:attachment":[{"href":"https:\/\/www.ferlatacciai.com\/it\/wp-json\/wp\/v2\/media?parent=351"}],"wp:term":[{"taxonomy":"product_cat","embeddable":true,"href":"https:\/\/www.ferlatacciai.com\/it\/wp-json\/wp\/v2\/product_cat?post=351"},{"taxonomy":"product_tag","embeddable":true,"href":"https:\/\/www.ferlatacciai.com\/it\/wp-json\/wp\/v2\/product_tag?post=351"}],"curies":[{"name":"wp","href":"https:\/\/api.w.org\/{rel}","templated":true}]}}