{"id":1744,"date":"2019-09-20T09:58:14","date_gmt":"2019-09-20T07:58:14","guid":{"rendered":"http:\/\/www.ferlatacciai.com\/?post_type=product&#038;p=1744"},"modified":"2019-10-08T12:17:18","modified_gmt":"2019-10-08T10:17:18","slug":"hpsf","status":"publish","type":"product","link":"https:\/\/www.ferlatacciai.com\/it\/prodotto\/hpsf\/","title":{"rendered":"HPSF"},"content":{"rendered":"<div class=\"tab-bianca\"><h2 id=\"tablepress-137-name\" class=\"tablepress-table-name tablepress-table-name-id-137\">COMPOSIZIONE CHIMICA<\/h2>\n\n<table id=\"tablepress-137\" class=\"tablepress tablepress-id-137 scheda tablepress-responsive tablepress-responsive-phone\" aria-labelledby=\"tablepress-137-name\">\n<thead>\n<tr class=\"row-1\">\n\t<th class=\"column-1\">C<\/th><th class=\"column-2\">Si\t<\/th><th class=\"column-3\">Mn\t<\/th><th class=\"column-4\">P<\/th><th class=\"column-5\">S<\/th><th class=\"column-6\">Cr\t<\/th><th class=\"column-7\">Mo<\/th><th class=\"column-8\">Ni<\/th><th class=\"column-9\">V<\/th><th class=\"column-10\">Pb<\/th><th class=\"column-11\">W<\/th>\n<\/tr>\n<\/thead>\n<tbody class=\"row-striping row-hover\">\n<tr class=\"row-2\">\n\t<td class=\"column-1\">0,92 - 1,02<\/td><td class=\"column-2\">0,9 - 1,05<\/td><td class=\"column-3\">0,3 - 0,4<\/td><td class=\"column-4\">\u2264 0,015<\/td><td class=\"column-5\">\u2264 0,010<\/td><td class=\"column-6\">7,4 - 7,7<\/td><td class=\"column-7\">1,35 - 1,50<\/td><td class=\"column-8\">\/<\/td><td class=\"column-9\">2 - 2,15<\/td><td class=\"column-10\">\/<\/td><td class=\"column-11\">max 0,80<\/td>\n<\/tr>\n<\/tbody>\n<\/table>\n<!-- #tablepress-137 from cache --><\/p>\n<h2 id=\"tablepress-138-name\" class=\"tablepress-table-name tablepress-table-name-id-138\">CARATTERISTICHE MECCANICHE<\/h2>\n\n<table id=\"tablepress-138\" class=\"tablepress tablepress-id-138 scheda2 tablepress-responsive tablepress-responsive-phone\" aria-labelledby=\"tablepress-138-name\">\n<thead>\n<tr class=\"row-1\">\n\t<th class=\"column-1\">HB<br \/>\nDI FORNITURA<\/th>\n<\/tr>\n<\/thead>\n<tbody class=\"row-striping row-hover\">\n<tr class=\"row-2\">\n\t<td class=\"column-1\">max 260<\/td>\n<\/tr>\n<\/tbody>\n<\/table>\n<!-- #tablepress-138 from cache --><\/div>\n","protected":false},"excerpt":{"rendered":"<p>HPS, high performance steel: acciaio di facile lavorabilit\u00e0 ottima temprabilit\u00e0 e ottima elettroerodibilit\u00e0. Acciaio di elevato rendimento e conseguente riduzione dei costi di produzione. Migliore resistenza ad usura su spigoli taglienti.<br \/>\n<br \/>\n<strong>Stato di fornitura:<\/strong> ricotto<br \/>\n<br \/>\n<strong>Gamma: <\/strong>tondi, piatti<\/p>\n","protected":false},"featured_media":0,"template":"","meta":{"_acf_changed":false},"product_cat":[402,27],"product_tag":[],"class_list":{"0":"post-1744","1":"product","2":"type-product","3":"status-publish","5":"product_cat-acciai-da-utensili","6":"product_cat-da-utensili-per-lavorazioni-a-freddo","8":"first","9":"instock","10":"shipping-taxable","11":"product-type-simple"},"acf":[],"_links":{"self":[{"href":"https:\/\/www.ferlatacciai.com\/it\/wp-json\/wp\/v2\/product\/1744","targetHints":{"allow":["GET"]}}],"collection":[{"href":"https:\/\/www.ferlatacciai.com\/it\/wp-json\/wp\/v2\/product"}],"about":[{"href":"https:\/\/www.ferlatacciai.com\/it\/wp-json\/wp\/v2\/types\/product"}],"wp:attachment":[{"href":"https:\/\/www.ferlatacciai.com\/it\/wp-json\/wp\/v2\/media?parent=1744"}],"wp:term":[{"taxonomy":"product_cat","embeddable":true,"href":"https:\/\/www.ferlatacciai.com\/it\/wp-json\/wp\/v2\/product_cat?post=1744"},{"taxonomy":"product_tag","embeddable":true,"href":"https:\/\/www.ferlatacciai.com\/it\/wp-json\/wp\/v2\/product_tag?post=1744"}],"curies":[{"name":"wp","href":"https:\/\/api.w.org\/{rel}","templated":true}]}}