{"id":12,"date":"2018-10-15T16:40:53","date_gmt":"2018-10-15T14:40:53","guid":{"rendered":"http:\/\/www.ferlatacciai.com\/?page_id=12"},"modified":"2023-07-18T09:12:07","modified_gmt":"2023-07-18T07:12:07","slug":"azienda","status":"publish","type":"page","link":"https:\/\/www.ferlatacciai.com\/it\/azienda\/","title":{"rendered":"Azienda"},"content":{"rendered":"<div class=\"wpb-content-wrapper\"><p>[vc_row css_animation=&#8221;&#8221; row_type=&#8221;row&#8221; use_row_as_full_screen_section=&#8221;no&#8221; type=&#8221;full_width&#8221; angled_section=&#8221;no&#8221; text_align=&#8221;left&#8221; background_image_as_pattern=&#8221;without_pattern&#8221; el_class=&#8221;banner&#8221; z_index=&#8221;&#8221;][vc_column][rev_slider_vc alias=&#8221;azienda&#8221;][\/vc_column][\/vc_row][vc_row css_animation=&#8221;&#8221; row_type=&#8221;row&#8221; use_row_as_full_screen_section=&#8221;no&#8221; type=&#8221;grid&#8221; angled_section=&#8221;no&#8221; text_align=&#8221;left&#8221; background_image_as_pattern=&#8221;without_pattern&#8221; z_index=&#8221;&#8221;][vc_column][vc_empty_space height=&#8221;50px&#8221;][vc_column_text]<\/p>\n<h1>STORIA<\/h1>\n<p>[\/vc_column_text][vc_empty_space height=&#8221;20px&#8221;][vc_row_inner row_type=&#8221;row&#8221; type=&#8221;grid&#8221; text_align=&#8221;left&#8221; css_animation=&#8221;&#8221; el_class=&#8221;giustificato&#8221;][vc_column_inner width=&#8221;1\/2&#8243;][vc_column_text]FERLAT ACCIAI SPA \u00e8 una societ\u00e0 del Gruppo ACCIAIERIE VALBRUNA che opera nel commercio dei prodotti siderurgici dal 1963.<br \/>\nNata come azienda dedita al recupero, selezione e vendita di materiali ferrosi, tra il 1980 e 1990 sviluppa nuove connotazioni inserendo a stock gli acciai da costruzione, cementazione, bonifica, acciai da utensili per lavorazioni a caldo e a freddo.<br \/>\n[\/vc_column_text][vc_column_text css=&#8221;.vc_custom_1550745484307{padding-top: 15px !important;}&#8221;]Dai primi mesi del 2004 l&#8217;inserimento per incorporazione della divisione acciai inossidabili ha consentito un nuovo e ulteriore sviluppo dell&#8217;attivit\u00e0 e dei servizi offerti alla clientela rendendo l\u2019azienda ancora pi\u00f9 completa e all\u2019avanguardia.[\/vc_column_text][\/vc_column_inner][vc_column_inner width=&#8221;1\/2&#8243;][vc_gallery interval=&#8221;3&#8243; images=&#8221;979,973&#8243; img_size=&#8221;full&#8221;][vc_empty_space height=&#8221;20px&#8221;][qode_elements_holder number_of_columns=&#8221;two_columns&#8221; custom_class=&#8221;loghi&#8221;][qode_elements_holder_item vertical_alignment=&#8221;middle&#8221; horizontal_alignment=&#8221;center&#8221; advanced_animations=&#8221;no&#8221;][vc_single_image image=&#8221;997&#8243; img_size=&#8221;full&#8221; alignment=&#8221;center&#8221; qode_css_animation=&#8221;&#8221; el_class=&#8221;logo-ferlat&#8221;][\/qode_elements_holder_item][qode_elements_holder_item vertical_alignment=&#8221;middle&#8221; horizontal_alignment=&#8221;center&#8221; advanced_animations=&#8221;no&#8221;][vc_single_image image=&#8221;991&#8243; img_size=&#8221;full&#8221; qode_css_animation=&#8221;&#8221; el_class=&#8221;logo-valbruna&#8221;][\/qode_elements_holder_item][\/qode_elements_holder][\/vc_column_inner][\/vc_row_inner][\/vc_column][\/vc_row][vc_row css_animation=&#8221;&#8221; row_type=&#8221;row&#8221; use_row_as_full_screen_section=&#8221;no&#8221; type=&#8221;grid&#8221; angled_section=&#8221;no&#8221; text_align=&#8221;left&#8221; background_image_as_pattern=&#8221;without_pattern&#8221; z_index=&#8221;&#8221;][vc_column][vc_empty_space height=&#8221;50px&#8221;][vc_column_text]<\/p>\n<h2>MISSION<\/h2>\n<p>[\/vc_column_text][vc_empty_space height=&#8221;20px&#8221;][vc_row_inner row_type=&#8221;row&#8221; type=&#8221;grid&#8221; text_align=&#8221;left&#8221; css_animation=&#8221;&#8221; el_class=&#8221;giustificato&#8221;][vc_column_inner width=&#8221;1\/2&#8243;][vc_column_text]FERLAT ACCIAI SPA si occupa della lavorazione e commercializzazione di acciai speciali da utensili e da costruzione, al carbonio e basso legati per cuscinetti, da nitrurazione, inossidabili austenitici, duplex e martensitici ferritici.<br \/>\nLa gamma comprende circa 70 tipi diversi di acciai nei seguenti formati: barre tonde, piatti, quadri, angolari, esagoni, tubi, lamiere, coil e bramme.<br \/>\n[\/vc_column_text][vc_column_text]Nella sede di Altavilla Vicentina (Vicenza) l&#8217;azienda opera su una superficie di circa 40.000 m\u00b2 di cui 20.000 m\u00b2 coperti; per essere presente in tutta Italia si avvale di due filiali.<br \/>\nIl Sud Italia e&#8217; servito dalla Filiale di Bari (1500 m\u00b2) e il Nord Ovest dalla Filiale di Milano (3000 m\u00b2). Entrambe gestiscono un magazzino che pu\u00f2 offrire un servizio completo alla clientela.[\/vc_column_text][\/vc_column_inner][vc_column_inner width=&#8221;1\/2&#8243;][vc_single_image image=&#8221;1127&#8243; img_size=&#8221;full&#8221; alignment=&#8221;center&#8221; qode_css_animation=&#8221;&#8221; el_class=&#8221;bordo&#8221;][\/vc_column_inner][\/vc_row_inner][\/vc_column][\/vc_row][vc_row css_animation=&#8221;&#8221; row_type=&#8221;row&#8221; use_row_as_full_screen_section=&#8221;no&#8221; type=&#8221;full_width&#8221; angled_section=&#8221;no&#8221; text_align=&#8221;left&#8221; background_image_as_pattern=&#8221;without_pattern&#8221;][vc_column][vc_empty_space height=&#8221;150px&#8221;][\/vc_column][\/vc_row][vc_row css_animation=&#8221;&#8221; row_type=&#8221;row&#8221; use_row_as_full_screen_section=&#8221;no&#8221; type=&#8221;grid&#8221; angled_section=&#8221;no&#8221; text_align=&#8221;left&#8221; background_image_as_pattern=&#8221;without_pattern&#8221; z_index=&#8221;&#8221;][vc_column][vc_empty_space height=&#8221;50px&#8221;][vc_column_text]<\/p>\n<h2>CODICE ETICO<\/h2>\n<p>[\/vc_column_text][vc_empty_space height=&#8221;20px&#8221;][vc_row_inner row_type=&#8221;row&#8221; type=&#8221;grid&#8221; text_align=&#8221;left&#8221; css_animation=&#8221;&#8221; el_class=&#8221;giustificato&#8221;][vc_column_inner][vc_column_text]A seguito dell\u2019entrata in vigore del Decreto Legislativo 8 giugno 2001, n. 231, che ha introdotto in forma esplicita, nell&#8217;ordinamento italiano, la responsabilit\u00e0 degli Enti, per illeciti amministrativi dipendenti da reato, Ferlat Acciai S.p.A. (di seguito \u201cFerlat Acciai\u201d o la \u201cSociet\u00e0\u201d) ha predisposto il presente Codice Etico la cui osservanza \u00e8 di importanza fondamentale per il buon funzionamento, l\u2019affidabilit\u00e0, la reputazione di Ferlat Acciai, nonch\u00e9 per evitare qualsiasi coinvolgimento della Societ\u00e0 nell\u2019eventuale realizzazione di condotte penalmente rilevanti da parte dei propri dipendenti.[\/vc_column_text][vc_empty_space height=&#8221;20px&#8221;]<div class='q_icon_with_title medium normal_icon '><div class=\"icon_holder \" style=\" \"><a itemprop=\"url\" href=\"\/wp-content\/uploads\/2023\/07\/Ferlat-Acciai_Codice Etico_definitivo.pdf\" target=\"_blank\" class=\"q_icon_link\"><span data-icon-type=\"normal\"   style=\"\" class=\"qode_iwt_icon_holder q_font_awsome_icon fa-3x  \"><i class=\"qode_icon_font_awesome fa fa-file-pdf-o qode_iwt_icon_element\" style=\"color: #3f6178;\" ><\/i><\/span><\/a><\/div><div class=\"icon_text_holder\" style=\"\"><div class=\"icon_text_inner\" style=\"\"><h5 class=\"icon_title\" style=\"color: #3f6178;font-weight: 700;\"><\/h5><p style=''><\/p><a itemprop='url' class='icon_with_title_link' href='\/wp-content\/uploads\/2023\/07\/Ferlat-Acciai_Codice Etico_definitivo.pdf' target='_blank' style='color: #3f6178;'>LEGGI IL PDF<\/a><\/div><\/div><\/div>[\/vc_column_inner][\/vc_row_inner][\/vc_column][\/vc_row][vc_row css_animation=&#8221;&#8221; row_type=&#8221;row&#8221; use_row_as_full_screen_section=&#8221;no&#8221; type=&#8221;full_width&#8221; angled_section=&#8221;no&#8221; text_align=&#8221;left&#8221; background_image_as_pattern=&#8221;without_pattern&#8221;][vc_column][vc_empty_space height=&#8221;150px&#8221;][\/vc_column][\/vc_row]<\/p>\n<\/div>","protected":false},"excerpt":{"rendered":"<p>[vc_row css_animation=&#8221;&#8221; row_type=&#8221;row&#8221; use_row_as_full_screen_section=&#8221;no&#8221; type=&#8221;full_width&#8221; angled_section=&#8221;no&#8221; text_align=&#8221;left&#8221; background_image_as_pattern=&#8221;without_pattern&#8221; el_class=&#8221;banner&#8221; z_index=&#8221;&#8221;][vc_column][rev_slider_vc alias=&#8221;azienda&#8221;][\/vc_column][\/vc_row][vc_row css_animation=&#8221;&#8221; row_type=&#8221;row&#8221; use_row_as_full_screen_section=&#8221;no&#8221; type=&#8221;grid&#8221; angled_section=&#8221;no&#8221; text_align=&#8221;left&#8221; background_image_as_pattern=&#8221;without_pattern&#8221; z_index=&#8221;&#8221;][vc_column][vc_empty_space height=&#8221;50px&#8221;][vc_column_text] STORIA [\/vc_column_text][vc_empty_space height=&#8221;20px&#8221;][vc_row_inner row_type=&#8221;row&#8221; type=&#8221;grid&#8221; text_align=&#8221;left&#8221; css_animation=&#8221;&#8221; el_class=&#8221;giustificato&#8221;][vc_column_inner width=&#8221;1\/2&#8243;][vc_column_text]FERLAT ACCIAI SPA \u00e8 una societ\u00e0 del Gruppo ACCIAIERIE VALBRUNA che opera nel commercio dei prodotti siderurgici&#8230;<\/p>\n","protected":false},"author":2,"featured_media":0,"parent":0,"menu_order":0,"comment_status":"closed","ping_status":"closed","template":"full_width.php","meta":{"_acf_changed":false,"footnotes":""},"class_list":["post-12","page","type-page","status-publish","hentry"],"acf":[],"_links":{"self":[{"href":"https:\/\/www.ferlatacciai.com\/it\/wp-json\/wp\/v2\/pages\/12","targetHints":{"allow":["GET"]}}],"collection":[{"href":"https:\/\/www.ferlatacciai.com\/it\/wp-json\/wp\/v2\/pages"}],"about":[{"href":"https:\/\/www.ferlatacciai.com\/it\/wp-json\/wp\/v2\/types\/page"}],"author":[{"embeddable":true,"href":"https:\/\/www.ferlatacciai.com\/it\/wp-json\/wp\/v2\/users\/2"}],"replies":[{"embeddable":true,"href":"https:\/\/www.ferlatacciai.com\/it\/wp-json\/wp\/v2\/comments?post=12"}],"version-history":[{"count":58,"href":"https:\/\/www.ferlatacciai.com\/it\/wp-json\/wp\/v2\/pages\/12\/revisions"}],"predecessor-version":[{"id":2254,"href":"https:\/\/www.ferlatacciai.com\/it\/wp-json\/wp\/v2\/pages\/12\/revisions\/2254"}],"wp:attachment":[{"href":"https:\/\/www.ferlatacciai.com\/it\/wp-json\/wp\/v2\/media?parent=12"}],"curies":[{"name":"wp","href":"https:\/\/api.w.org\/{rel}","templated":true}]}}