{"id":144,"date":"2018-11-06T09:15:00","date_gmt":"2018-11-06T08:15:00","guid":{"rendered":"http:\/\/www.ferlatacciai.com\/?page_id=144"},"modified":"2024-01-17T08:57:50","modified_gmt":"2024-01-17T07:57:50","slug":"qualita","status":"publish","type":"page","link":"http:\/\/www.ferlatacciai.com\/it\/qualita\/","title":{"rendered":"Qualit\u00e0"},"content":{"rendered":"<div class=\"wpb-content-wrapper\"><p>[vc_row css_animation=&#8221;&#8221; row_type=&#8221;row&#8221; use_row_as_full_screen_section=&#8221;no&#8221; type=&#8221;full_width&#8221; angled_section=&#8221;no&#8221; text_align=&#8221;left&#8221; background_image_as_pattern=&#8221;without_pattern&#8221; el_class=&#8221;banner&#8221; z_index=&#8221;&#8221;][vc_column][vc_single_image image=&#8221;626&#8243; img_size=&#8221;full&#8221; qode_css_animation=&#8221;&#8221;][\/vc_column][\/vc_row][vc_row css_animation=&#8221;&#8221; row_type=&#8221;row&#8221; use_row_as_full_screen_section=&#8221;no&#8221; type=&#8221;grid&#8221; angled_section=&#8221;no&#8221; text_align=&#8221;left&#8221; background_image_as_pattern=&#8221;without_pattern&#8221; z_index=&#8221;&#8221; el_class=&#8221;giustificato&#8221;][vc_column][vc_empty_space height=&#8221;50px&#8221;][vc_column_text]<\/p>\n<h1>Qualit\u00e0<\/h1>\n<p>[\/vc_column_text][vc_empty_space height=&#8221;30px&#8221;][vc_column_text]Dal 2002, con l&#8217;apporto di Lloyd&#8217;s Register &#8211; societ\u00e0 che ha certificato la nostra azienda secondo i dettami dell&#8217;UNI EN ISO 9001 &#8211; cerchiamo costantemente di perseguire gli obiettivi di affidabilit\u00e0, qualit\u00e0 e servizio.<\/p>\n<p>&nbsp;<\/p>\n<p>In un&#8217;ottica di miglioramento continuo FERLAT ACCIAI SPA si impegna ad operare secondo i principi ispiratori delle norme ISO 9001 al fine di ottenere i benefici produttivi, organizzativi e commerciali ad esse correlati.<\/p>\n<p>&nbsp;<\/p>\n<p>La definizione completa e puntuale dei requisiti dei clienti e la loro soddisfazione sono elementi fondanti su cui si basa la filosofia dell&#8217;azienda, l\u2019attivit\u00e0 \u00e8 supportata dalla collaborazione con le primarie acciaierie certificate con sistema qualit\u00e0 conforme ISO 9001 per poter cos\u00ec disporre di prodotti di comprovata qualit\u00e0.[\/vc_column_text][vc_empty_space height=&#8221;50px&#8221;][\/vc_column][\/vc_row][vc_row css_animation=&#8221;&#8221; row_type=&#8221;row&#8221; use_row_as_full_screen_section=&#8221;no&#8221; type=&#8221;grid&#8221; angled_section=&#8221;no&#8221; text_align=&#8221;left&#8221; background_image_as_pattern=&#8221;without_pattern&#8221; z_index=&#8221;&#8221; el_class=&#8221;giustificato&#8221;][vc_column][vc_empty_space height=&#8221;50px&#8221;][vc_column_text]<\/p>\n<h2 class=\"x_MsoNormal\">CERTIFICAZIONE ISO<\/h2>\n<h2 class=\"x_MsoNormal\">SEDE DI ALTAVILLA VICENTINA<\/h2>\n<p>[\/vc_column_text][vc_empty_space height=&#8221;30px&#8221;][\/vc_column][\/vc_row][vc_row css_animation=&#8221;&#8221; row_type=&#8221;row&#8221; use_row_as_full_screen_section=&#8221;no&#8221; type=&#8221;grid&#8221; angled_section=&#8221;no&#8221; text_align=&#8221;left&#8221; background_image_as_pattern=&#8221;without_pattern&#8221; z_index=&#8221;&#8221;][vc_column width=&#8221;1\/3&#8243;][vc_single_image image=&#8221;2296&#8243; img_size=&#8221;full&#8221; alignment=&#8221;center&#8221; onclick=&#8221;custom_link&#8221; img_link_target=&#8221;_blank&#8221; qode_css_animation=&#8221;&#8221; link=&#8221;https:\/\/www.ferlatacciai.com\/wp-content\/uploads\/2024\/01\/0029878-QMS-ITAIT-UKAS-Altavilla-ITA.pdf&#8221;]\n\n\t<a href=\"https:\/\/www.ferlatacciai.com\/wp-content\/uploads\/2024\/01\/0029878-QMS-ITAIT-UKAS-Altavilla-ITA.pdf\" target=\"_blank\" style=\"color: #ffffff;background-color: #72b6e3;text-transform: none;margin: 30px 0\" class=\"qode-btn qode-btn-medium qode-btn-solid qode-btn-custom-hover-bg qode-btn-custom-hover-color qode-btn-custom-icon-bg-hover-color qode-btn-icon qode-btn-default-hover\" data-hover-bg-color=\"#ffffff\" data-hover-color=\"#72b6e3\" >\n\t    <span class=\"qode-btn-text\">Scarica PDF<\/span><span class=\"qode-button-v2-icon-holder\" style=\"border-color: #ffffff;background-color: #72b6e3\" data-hover-icon-border-color=\"#72b6e3\" data-hover-icon-bg-color=\"#ffffff\"><i class=\"qode_icon_font_awesome fa fa-download qode-button-v2-icon-holder-inner\" ><\/i><\/span>\t<\/a>\n\n[\/vc_column][vc_column width=&#8221;1\/3&#8243;][vc_single_image image=&#8221;2282&#8243; img_size=&#8221;full&#8221; alignment=&#8221;center&#8221; onclick=&#8221;custom_link&#8221; img_link_target=&#8221;_blank&#8221; qode_css_animation=&#8221;&#8221; link=&#8221;https:\/\/www.ferlatacciai.com\/wp-content\/uploads\/2024\/01\/0029878-QMS-ENGUS-UKAS-Altavilla-INGL.pdf&#8221;]\n\n\t<a href=\"https:\/\/www.ferlatacciai.com\/wp-content\/uploads\/2024\/01\/0029878-QMS-ENGUS-UKAS-Altavilla-INGL.pdf\" target=\"_blank\" style=\"color: #ffffff;background-color: #72b6e3;text-transform: none;margin: 30px 0\" class=\"qode-btn qode-btn-medium qode-btn-solid qode-btn-custom-hover-bg qode-btn-custom-hover-color qode-btn-custom-icon-bg-hover-color qode-btn-icon qode-btn-default-hover\" data-hover-bg-color=\"#ffffff\" data-hover-color=\"#72b6e3\" >\n\t    <span class=\"qode-btn-text\">Scarica PDF<\/span><span class=\"qode-button-v2-icon-holder\" style=\"border-color: #ffffff;background-color: #72b6e3\" data-hover-icon-border-color=\"#72b6e3\" data-hover-icon-bg-color=\"#ffffff\"><i class=\"qode_icon_font_awesome fa fa-download qode-button-v2-icon-holder-inner\" ><\/i><\/span>\t<\/a>\n\n[\/vc_column][vc_column width=&#8221;1\/3&#8243;][\/vc_column][\/vc_row][vc_row css_animation=&#8221;&#8221; row_type=&#8221;row&#8221; use_row_as_full_screen_section=&#8221;no&#8221; type=&#8221;grid&#8221; angled_section=&#8221;no&#8221; text_align=&#8221;left&#8221; background_image_as_pattern=&#8221;without_pattern&#8221; z_index=&#8221;&#8221; el_class=&#8221;giustificato&#8221;][vc_column][vc_empty_space height=&#8221;50px&#8221;][vc_column_text]<\/p>\n<h2 class=\"x_MsoNormal\">CERTIFICAZIONE ISO<\/h2>\n<h2 class=\"x_MsoNormal\">PLANT BARI<\/h2>\n<p>[\/vc_column_text][vc_empty_space height=&#8221;30px&#8221;][\/vc_column][\/vc_row][vc_row css_animation=&#8221;&#8221; row_type=&#8221;row&#8221; use_row_as_full_screen_section=&#8221;no&#8221; type=&#8221;grid&#8221; angled_section=&#8221;no&#8221; text_align=&#8221;left&#8221; background_image_as_pattern=&#8221;without_pattern&#8221; z_index=&#8221;&#8221;][vc_column width=&#8221;1\/3&#8243;][vc_single_image image=&#8221;2284&#8243; img_size=&#8221;full&#8221; alignment=&#8221;center&#8221; onclick=&#8221;custom_link&#8221; img_link_target=&#8221;_blank&#8221; qode_css_animation=&#8221;&#8221; link=&#8221;https:\/\/www.ferlatacciai.com\/wp-content\/uploads\/2024\/01\/0029878-002-QMS-ITAIT-UKAS-Bari-Ita.pdf&#8221;]\n\n\t<a href=\"https:\/\/www.ferlatacciai.com\/wp-content\/uploads\/2024\/01\/0029878-002-QMS-ITAIT-UKAS-Bari-Ita.pdf\" target=\"_blank\" style=\"color: #ffffff;background-color: #72b6e3;text-transform: none;margin: 30px 0\" class=\"qode-btn qode-btn-medium qode-btn-solid qode-btn-custom-hover-bg qode-btn-custom-hover-color qode-btn-custom-icon-bg-hover-color qode-btn-icon qode-btn-default-hover\" data-hover-bg-color=\"#ffffff\" data-hover-color=\"#72b6e3\" >\n\t    <span class=\"qode-btn-text\">Scarica PDF<\/span><span class=\"qode-button-v2-icon-holder\" style=\"border-color: #ffffff;background-color: #72b6e3\" data-hover-icon-border-color=\"#72b6e3\" data-hover-icon-bg-color=\"#ffffff\"><i class=\"qode_icon_font_awesome fa fa-download qode-button-v2-icon-holder-inner\" ><\/i><\/span>\t<\/a>\n\n[\/vc_column][vc_column width=&#8221;1\/3&#8243;][vc_single_image image=&#8221;2286&#8243; img_size=&#8221;full&#8221; alignment=&#8221;center&#8221; onclick=&#8221;custom_link&#8221; img_link_target=&#8221;_blank&#8221; qode_css_animation=&#8221;&#8221; link=&#8221;https:\/\/www.ferlatacciai.com\/wp-content\/uploads\/2024\/01\/0029878-002-QMS-ENGUS-UKAS-Bari-Ingl.pdf&#8221;]\n\n\t<a href=\"https:\/\/www.ferlatacciai.com\/wp-content\/uploads\/2024\/01\/0029878-002-QMS-ENGUS-UKAS-Bari-Ingl.pdf\" target=\"_blank\" style=\"color: #ffffff;background-color: #72b6e3;text-transform: none;margin: 30px 0\" class=\"qode-btn qode-btn-medium qode-btn-solid qode-btn-custom-hover-bg qode-btn-custom-hover-color qode-btn-custom-icon-bg-hover-color qode-btn-icon qode-btn-default-hover\" data-hover-bg-color=\"#ffffff\" data-hover-color=\"#72b6e3\" >\n\t    <span class=\"qode-btn-text\">Scarica PDF<\/span><span class=\"qode-button-v2-icon-holder\" style=\"border-color: #ffffff;background-color: #72b6e3\" data-hover-icon-border-color=\"#72b6e3\" data-hover-icon-bg-color=\"#ffffff\"><i class=\"qode_icon_font_awesome fa fa-download qode-button-v2-icon-holder-inner\" ><\/i><\/span>\t<\/a>\n\n[\/vc_column][vc_column width=&#8221;1\/3&#8243;][\/vc_column][\/vc_row][vc_row css_animation=&#8221;&#8221; row_type=&#8221;row&#8221; use_row_as_full_screen_section=&#8221;no&#8221; type=&#8221;grid&#8221; angled_section=&#8221;no&#8221; text_align=&#8221;left&#8221; background_image_as_pattern=&#8221;without_pattern&#8221; z_index=&#8221;&#8221; el_class=&#8221;giustificato&#8221;][vc_column][vc_empty_space height=&#8221;50px&#8221;][vc_column_text]<\/p>\n<h2 class=\"x_MsoNormal\">CERTIFICAZIONE ISO<\/h2>\n<h2 class=\"x_MsoNormal\">PLANT CORMANO (MI)<\/h2>\n<p>[\/vc_column_text][vc_empty_space height=&#8221;30px&#8221;][\/vc_column][\/vc_row][vc_row css_animation=&#8221;&#8221; row_type=&#8221;row&#8221; use_row_as_full_screen_section=&#8221;no&#8221; type=&#8221;grid&#8221; angled_section=&#8221;no&#8221; text_align=&#8221;left&#8221; background_image_as_pattern=&#8221;without_pattern&#8221; z_index=&#8221;&#8221;][vc_column width=&#8221;1\/3&#8243;][vc_single_image image=&#8221;2288&#8243; img_size=&#8221;full&#8221; alignment=&#8221;center&#8221; onclick=&#8221;custom_link&#8221; img_link_target=&#8221;_blank&#8221; qode_css_animation=&#8221;&#8221; link=&#8221;https:\/\/www.ferlatacciai.com\/wp-content\/uploads\/2024\/01\/0029878-003-QMS-ITAIT-UKAS-Cormano-ITA.pdf&#8221;]\n\n\t<a href=\"https:\/\/www.ferlatacciai.com\/wp-content\/uploads\/2024\/01\/0029878-003-QMS-ITAIT-UKAS-Cormano-ITA.pdf\" target=\"_blank\" style=\"color: #ffffff;background-color: #72b6e3;text-transform: none;margin: 30px 0\" class=\"qode-btn qode-btn-medium qode-btn-solid qode-btn-custom-hover-bg qode-btn-custom-hover-color qode-btn-custom-icon-bg-hover-color qode-btn-icon qode-btn-default-hover\" data-hover-bg-color=\"#ffffff\" data-hover-color=\"#72b6e3\" >\n\t    <span class=\"qode-btn-text\">Scarica PDF<\/span><span class=\"qode-button-v2-icon-holder\" style=\"border-color: #ffffff;background-color: #72b6e3\" data-hover-icon-border-color=\"#72b6e3\" data-hover-icon-bg-color=\"#ffffff\"><i class=\"qode_icon_font_awesome fa fa-download qode-button-v2-icon-holder-inner\" ><\/i><\/span>\t<\/a>\n\n[\/vc_column][vc_column width=&#8221;1\/3&#8243;][vc_single_image image=&#8221;2290&#8243; img_size=&#8221;full&#8221; alignment=&#8221;center&#8221; onclick=&#8221;custom_link&#8221; img_link_target=&#8221;_blank&#8221; qode_css_animation=&#8221;&#8221; link=&#8221;https:\/\/www.ferlatacciai.com\/wp-content\/uploads\/2024\/01\/0029878-003-QMS-ENGUS-UKAS-Cormano-INGL.pdf&#8221;]\n\n\t<a href=\"https:\/\/www.ferlatacciai.com\/wp-content\/uploads\/2024\/01\/0029878-003-QMS-ENGUS-UKAS-Cormano-INGL.pdf\" target=\"_blank\" style=\"color: #ffffff;background-color: #72b6e3;text-transform: none;margin: 30px 0\" class=\"qode-btn qode-btn-medium qode-btn-solid qode-btn-custom-hover-bg qode-btn-custom-hover-color qode-btn-custom-icon-bg-hover-color qode-btn-icon qode-btn-default-hover\" data-hover-bg-color=\"#ffffff\" data-hover-color=\"#72b6e3\" >\n\t    <span class=\"qode-btn-text\">Scarica PDF<\/span><span class=\"qode-button-v2-icon-holder\" style=\"border-color: #ffffff;background-color: #72b6e3\" data-hover-icon-border-color=\"#72b6e3\" data-hover-icon-bg-color=\"#ffffff\"><i class=\"qode_icon_font_awesome fa fa-download qode-button-v2-icon-holder-inner\" ><\/i><\/span>\t<\/a>\n\n[\/vc_column][vc_column width=&#8221;1\/3&#8243;][\/vc_column][\/vc_row][vc_row css_animation=&#8221;&#8221; row_type=&#8221;row&#8221; use_row_as_full_screen_section=&#8221;no&#8221; type=&#8221;grid&#8221; angled_section=&#8221;no&#8221; text_align=&#8221;left&#8221; background_image_as_pattern=&#8221;without_pattern&#8221; padding_top=&#8221;30&#8243; z_index=&#8221;&#8221;][vc_column width=&#8221;1\/3&#8243;][vc_column_text]<\/p>\n<h2><a href=\"https:\/\/www.ferlatacciai.com\/wp-content\/uploads\/2023\/11\/PQA.pdf\" target=\"_blank\" rel=\"noopener noreferrer\"><i class=\"fa fa-file-pdf-o\" aria-hidden=\"true\"><\/i> \u00a0 Politica per la qualit\u00e0<\/a><\/h2>\n<p>[\/vc_column_text][\/vc_column][vc_column width=&#8221;1\/3&#8243;][\/vc_column][vc_column width=&#8221;1\/3&#8243;][\/vc_column][\/vc_row][vc_row css_animation=&#8221;&#8221; row_type=&#8221;row&#8221; use_row_as_full_screen_section=&#8221;no&#8221; type=&#8221;full_width&#8221; angled_section=&#8221;no&#8221; text_align=&#8221;left&#8221; background_image_as_pattern=&#8221;without_pattern&#8221;][vc_column][vc_empty_space height=&#8221;80px&#8221;][\/vc_column][\/vc_row]<\/p>\n<\/div>","protected":false},"excerpt":{"rendered":"<p>[vc_row css_animation=&#8221;&#8221; row_type=&#8221;row&#8221; use_row_as_full_screen_section=&#8221;no&#8221; type=&#8221;full_width&#8221; angled_section=&#8221;no&#8221; text_align=&#8221;left&#8221; background_image_as_pattern=&#8221;without_pattern&#8221; el_class=&#8221;banner&#8221; z_index=&#8221;&#8221;][vc_column][vc_single_image image=&#8221;626&#8243; img_size=&#8221;full&#8221; qode_css_animation=&#8221;&#8221;][\/vc_column][\/vc_row][vc_row css_animation=&#8221;&#8221; row_type=&#8221;row&#8221; use_row_as_full_screen_section=&#8221;no&#8221; type=&#8221;grid&#8221; angled_section=&#8221;no&#8221; text_align=&#8221;left&#8221; background_image_as_pattern=&#8221;without_pattern&#8221; z_index=&#8221;&#8221; el_class=&#8221;giustificato&#8221;][vc_column][vc_empty_space height=&#8221;50px&#8221;][vc_column_text] Qualit\u00e0 [\/vc_column_text][vc_empty_space height=&#8221;30px&#8221;][vc_column_text]Dal 2002, con l&#8217;apporto di Lloyd&#8217;s Register &#8211; societ\u00e0 che ha certificato la nostra azienda secondo i dettami dell&#8217;UNI EN&#8230;<\/p>\n","protected":false},"author":2,"featured_media":0,"parent":0,"menu_order":0,"comment_status":"closed","ping_status":"closed","template":"full_width.php","meta":{"_acf_changed":false,"footnotes":""},"class_list":["post-144","page","type-page","status-publish","hentry"],"acf":[],"_links":{"self":[{"href":"http:\/\/www.ferlatacciai.com\/it\/wp-json\/wp\/v2\/pages\/144","targetHints":{"allow":["GET"]}}],"collection":[{"href":"http:\/\/www.ferlatacciai.com\/it\/wp-json\/wp\/v2\/pages"}],"about":[{"href":"http:\/\/www.ferlatacciai.com\/it\/wp-json\/wp\/v2\/types\/page"}],"author":[{"embeddable":true,"href":"http:\/\/www.ferlatacciai.com\/it\/wp-json\/wp\/v2\/users\/2"}],"replies":[{"embeddable":true,"href":"http:\/\/www.ferlatacciai.com\/it\/wp-json\/wp\/v2\/comments?post=144"}],"version-history":[{"count":35,"href":"http:\/\/www.ferlatacciai.com\/it\/wp-json\/wp\/v2\/pages\/144\/revisions"}],"predecessor-version":[{"id":2299,"href":"http:\/\/www.ferlatacciai.com\/it\/wp-json\/wp\/v2\/pages\/144\/revisions\/2299"}],"wp:attachment":[{"href":"http:\/\/www.ferlatacciai.com\/it\/wp-json\/wp\/v2\/media?parent=144"}],"curies":[{"name":"wp","href":"https:\/\/api.w.org\/{rel}","templated":true}]}}